{"id":3,"date":"2024-06-02T16:26:01","date_gmt":"2024-06-02T16:26:01","guid":{"rendered":"http:\/\/events.aumoulin.com\/?page_id=3"},"modified":"2025-01-22T12:06:18","modified_gmt":"2025-01-22T10:06:18","slug":"privacy-policy","status":"publish","type":"page","link":"https:\/\/events.aumoulin.com\/?page_id=3","title":{"rendered":"Conditions G\u00e9n\u00e9rales"},"content":{"rendered":"\t\t<div data-elementor-type=\"wp-page\" data-elementor-id=\"3\" class=\"elementor elementor-3\" data-elementor-post-type=\"page\">\n\t\t\t\t<div class=\"elementor-element elementor-element-41436f9 e-flex e-con-boxed e-con e-parent\" data-id=\"41436f9\" data-element_type=\"container\">\n\t\t\t\t\t<div class=\"e-con-inner\">\n\t\t\t\t<div class=\"elementor-element elementor-element-e4f6779 elementor-widget elementor-widget-text-editor\" data-id=\"e4f6779\" data-element_type=\"widget\" data-widget_type=\"text-editor.default\">\n\t\t\t\t<div class=\"elementor-widget-container\">\n\t\t\t<style>\/*! elementor - v3.23.0 - 05-08-2024 *\/\n.elementor-widget-text-editor.elementor-drop-cap-view-stacked .elementor-drop-cap{background-color:#69727d;color:#fff}.elementor-widget-text-editor.elementor-drop-cap-view-framed .elementor-drop-cap{color:#69727d;border:3px solid;background-color:transparent}.elementor-widget-text-editor:not(.elementor-drop-cap-view-default) .elementor-drop-cap{margin-top:8px}.elementor-widget-text-editor:not(.elementor-drop-cap-view-default) .elementor-drop-cap-letter{width:1em;height:1em}.elementor-widget-text-editor .elementor-drop-cap{float:left;text-align:center;line-height:1;font-size:50px}.elementor-widget-text-editor .elementor-drop-cap-letter{display:inline-block}<\/style>\t\t\t\t<p><span style=\"color: inherit; font-family: inherit; font-size: 2rem; text-align: var(--text-align);\">Contactez nous:<\/span><\/p><p><span style=\"font-weight: bolder;\">AU MOULIN<\/span><br \/>Adresse : 2 rue de l\u2019\u00e9tang, 67240 BISCHWILLER<span style=\"color: inherit; font-family: inherit; font-size: 2rem; text-align: var(--text-align);\"><br \/><\/span><\/p><p>Email: events(@)aumoulin.com<br \/>Tel : 03.88.63.51.66<span style=\"color: inherit; font-family: inherit; font-size: 2rem; text-align: var(--text-align);\"><br \/><\/span><\/p><h6><span style=\"text-decoration: underline;\">Plan Google Map:\u00a0<a style=\"text-align: var(--text-align); font-family: -apple-system, BlinkMacSystemFont, 'Segoe UI', Roboto, 'Helvetica Neue', Arial, 'Noto Sans', sans-serif, 'Apple Color Emoji', 'Segoe UI Emoji', 'Segoe UI Symbol', 'Noto Color Emoji'; background-color: #ffffff; font-size: 32px;\" href=\"https:\/\/maps.app.goo.gl\/4R5ibsV4j4MKrr4TA\" target=\"_blank\" rel=\"noopener\">https:\/\/maps.app.goo.gl\/4R5ibsV4j4MKrr4TA<\/a><\/span><\/h6><p><span style=\"text-decoration: underline;\"><span style=\"color: inherit; font-family: inherit; font-size: 2rem; text-align: var(--text-align); text-decoration: underline;\">Parking<\/span><\/span><\/p><h5>Nous Disposons d&rsquo;un grand parking de plus de 50 places, des places de parkings sont aussi disponible sur la route principale ou sur le parking de l&rsquo;ancien centre commercial a 100m<\/h5><h3>\u00a0<\/h3><h3><span style=\"text-align: var(--text-align);\"><span style=\"font-size: 32px;\"><span style=\"color: #000000;\">Hotel\u00a0<\/span>recommandations<\/span><span style=\"color: rgba(0, 0, 0, 0); font-family: inherit;\"><span style=\"font-size: 2rem;\">\u00a0)<\/span><\/span><\/span><\/h3><h2><span style=\"text-align: var(--text-align); color: var(--ylnnhc);\">&#8211;\u00a0<\/span><span style=\"text-align: var(--text-align); color: var(--ylnnhc); font-family: 'Google Sans', Arial, sans-serif; font-size: 28px;\">Le Verger &#8211; 3 Minutes <a href=\"https:\/\/www.verger.fr\/fr\/le-verger-hotel-restaurant-bischwiller\/\" target=\"_blank\" rel=\"noopener\">(lien)<\/a><\/span><\/h2><h2><span style=\"color: var(--ylnnhc); font-family: 'Google Sans', Arial, sans-serif; font-size: 28px; text-align: var(--text-align);\">&#8211; Europe Hotel &#8211; 10 Minutes<\/span><span style=\"color: #1f1f1f; font-family: Arial, sans-serif; font-size: 14px; text-align: var(--text-align);\">\u00a0 <a href=\"https:\/\/www.europehotel.fr\/fr\/\" target=\"_blank\" rel=\"noopener\">(lien)<\/a><\/span><\/h2><p><span style=\"color: inherit; font-family: inherit; font-size: 2rem; text-align: var(--text-align);\">1. Introduction<\/span><\/p><p>Les pr\u00e9sentes Conditions G\u00e9n\u00e9rales de Vente (CGV) et d&rsquo;utilisation (CGV) r\u00e9gissent l\u2019ensemble des ventes de billets de concert effectu\u00e9es sur notre site AU MOULIN (<a href=\"https:\/\/events.aumoulin.com\">https:\/\/events.aumoulin.com<\/a>).<\/p><p>En acc\u00e9dant \u00e0 notre site et en achetant des billets, vous acceptez ces conditions sans r\u00e9serve.<\/p><p>L\u2019achat de billets se fait uniquement depuis le site dont l\u2019URL est : <a href=\"https:\/\/events.aumoulin.com\">https:\/\/events.aumoulin.com<\/a><\/p><h2>2. Objet<\/h2><p>Les pr\u00e9sentes CGV et CGU ont pour objet de d\u00e9finir les droits et obligations des parties dans le cadre de la vente en ligne de billets de concert propos\u00e9s par AU MOULIN (<a href=\"https:\/\/events.aumoulin.com\">https:\/\/events.aumoulin.com<\/a>) aux clients.<\/p><h2>3. Billets<\/h2><h3>3.1 Description<\/h3><p>Les billets propos\u00e9s \u00e0 la vente sont d\u00e9crits et pr\u00e9sent\u00e9s avec la plus grande exactitude possible. En cas d\u2019erreurs ou d\u2019omissions dans cette pr\u00e9sentation, la responsabilit\u00e9 de AU MOULIN (<a href=\"https:\/\/events.aumoulin.com\">https:\/\/events.aumoulin.com<\/a>) ne pourra \u00eatre engag\u00e9e.<\/p><p><span style=\"text-align: var(--text-align);\">Configuration de notre salle en mode <span style=\"text-decoration: underline;\"><strong>TABLE ET BANC<\/strong><\/span>\u00a0\u00a0<strong><a href=\"https:\/\/events.aumoulin.com\/?page_id=802\" target=\"_blank\" rel=\"noopener\">CLIQUEZ ICI<\/a><\/strong><\/span><\/p><p><span style=\"font-family: -apple-system, BlinkMacSystemFont, 'Segoe UI', Roboto, 'Helvetica Neue', Arial, 'Noto Sans', sans-serif, 'Apple Color Emoji', 'Segoe UI Emoji', 'Segoe UI Symbol', 'Noto Color Emoji'; font-size: 1.75rem; text-align: var(--text-align);\">3.2 Dispositions pour les Personnes en Chaises Roulantes ou Mobilit\u00e9 R\u00e9duite<\/span><\/p><p>Conform\u00e9ment \u00e0 la l\u00e9gislation en vigueur sur l&rsquo;accessibilit\u00e9 des \u00e9v\u00e9nements, nous nous engageons \u00e0 offrir une exp\u00e9rience agr\u00e9able \u00e0 tous nos clients, y compris ceux qui utilisent des chaises roulantes.\u00a0<\/p><p>Toutefois, en raison de la configuration sp\u00e9cifique de notre \u00e9v\u00e9nement (tables et bancs), nous vous prions de bien vouloir nous contacter avant l&rsquo;achat de votre billet. Cela nous permettra de vous r\u00e9server un emplacement appropri\u00e9, dans la limite des places et de l&rsquo;espace disponible au moment de votre demande, et de vous assurer un confort optimal lors de l&rsquo;\u00e9v\u00e9nement. Merci de votre compr\u00e9hension et de votre coop\u00e9ration.<\/p><h3>3.3 Informations obligatoires<\/h3><p>Les billets comprennent les informations suivantes :<\/p><ul><li>Nom de l&rsquo;\u00e9v\u00e9nement<\/li><li>Date<\/li><li>Heure<\/li><li>Lieu<\/li><li>Conditions sp\u00e9cifiques de l&rsquo;\u00e9v\u00e9nement (le cas \u00e9ch\u00e9ant)<\/li><\/ul><h3>3.4 Disponibilit\u00e9<\/h3><p>Les billets sont propos\u00e9s dans la limite des stocks disponibles. En cas d\u2019indisponibilit\u00e9 d\u2019un billet apr\u00e8s passation de votre commande, nous vous en informerons par email et votre commande sera automatiquement annul\u00e9e et rembours\u00e9e.<\/p><h2>4. Prix<\/h2><p>Les prix des billets sont indiqu\u00e9s en EUROS toutes taxes comprises (TTC). Les frais de traitement et d\u2019exp\u00e9dition sont indiqu\u00e9s avant validation de la commande.<\/p><h2>5. Commande<\/h2><h3>5.1 Processus de commande<\/h3><p>Pour passer une commande, le client doit suivre le processus d\u2019achat en ligne et valider le paiement.<\/p><h3>5.2 Confirmation de commande<\/h3><p>Une fois la commande pass\u00e9e, le client recevra une confirmation de commande par email. La vente sera consid\u00e9r\u00e9e comme d\u00e9finitive apr\u00e8s r\u00e9ception du paiement.<\/p><div>\u00a0<\/div><p><span style=\"color: inherit; font-family: inherit; font-size: 2rem; text-align: var(--text-align);\">6. Paiement<\/span><\/p><p>Le paiement s\u2019effectue par carte bancaire via un syst\u00e8me s\u00e9curis\u00e9. Les informations de paiement ne sont pas conserv\u00e9es par AU MOULIN (<a href=\"https:\/\/events.aumoulin.com\">https:\/\/events.aumoulin.com<\/a>).<\/p><h2>7. Livraison des billets<\/h2><p>Les billets seront envoy\u00e9s par email sous forme \u00e9lectronique. Il est de la responsabilit\u00e9 du client de s\u2019assurer que l\u2019adresse email fournie est correcte.<\/p><h2>8. Droit de r\u00e9tractation<\/h2><p>Conform\u00e9ment \u00e0 l\u2019article L221-28 du Code de la Consommation, les billets de concert ne sont pas soumis au droit de r\u00e9tractation.<\/p><h2>9. Annulation et remboursement<\/h2><h3>9.1 Annulation par l\u2019organisateur<\/h3><p>En cas d\u2019annulation de l\u2019\u00e9v\u00e9nement par l\u2019organisateur, les billets seront rembours\u00e9s selon les modalit\u00e9s d\u00e9finies par l\u2019organisateur.<\/p><h3>9.2 Annulation par le client<\/h3><p>Les billets ne peuvent \u00eatre ni repris, ni \u00e9chang\u00e9s, sauf indication contraire au moment de l\u2019achat.<\/p><h2>10. Responsabilit\u00e9<\/h2><p>La responsabilit\u00e9 de AU MOULIN (<a href=\"https:\/\/events.aumoulin.com\">https:\/\/events.aumoulin.com<\/a>) ne pourra \u00eatre engag\u00e9e en cas d\u2019inex\u00e9cution ou de mauvaise ex\u00e9cution du contrat due, soit au fait du client, soit au fait insurmontable et impr\u00e9visible d\u2019un tiers au contrat, soit \u00e0 un cas de force majeure.<\/p><h2>11. Donn\u00e9es personnelles<\/h2><p>Les informations collect\u00e9es sont n\u00e9cessaires pour la gestion des commandes et l\u2019envoi des billets. Elles peuvent \u00eatre transmises aux partenaires de AU MOULIN (<a href=\"https:\/\/events.aumoulin.com\">https:\/\/events.aumoulin.com<\/a>) responsables de l\u2019ex\u00e9cution, du traitement, de la gestion et du paiement des commandes.<\/p><h3>11.1 Conformit\u00e9 au RGPD<\/h3><p>En accord avec le R\u00e8glement G\u00e9n\u00e9ral sur la Protection des Donn\u00e9es (RGPD), vous avez le droit d&rsquo;acc\u00e9der, de rectifier, de supprimer et de vous opposer au traitement de vos donn\u00e9es personnelles. Pour exercer ces droits, veuillez contacter : <a href=\"mailto:events(@)aumoulin.com\">events(@)aumoulin.com<\/a>\u00a0ou notre DPO.<\/p><h2>12. Droit applicable et juridiction comp\u00e9tente<\/h2><p>Les pr\u00e9sentes CGV et CGU sont soumises au droit fran\u00e7ais. En cas de litige, les tribunaux de Strasbourg seront seuls comp\u00e9tents.<\/p><h2>13. Contact<\/h2><p>Pour toute question ou r\u00e9clamation, vous pouvez nous contacter \u00e0 l\u2019adresse suivante : <a href=\"mailto:events@aumoulin.com\">events(@)aumoulin.com<\/a> ou par l\u2019adresse mentionn\u00e9e dans les mentions l\u00e9gales.<\/p><h1>Politique de Confidentialit\u00e9<\/h1><h2>Introduction<\/h2><p>Cette Politique de Confidentialit\u00e9 d\u00e9crit comment AU MOULIN (<a href=\"https:\/\/events.aumoulin.com\">https:\/\/events.aumoulin.com<\/a>) collecte, utilise et prot\u00e8ge vos informations personnelles lorsque vous utilisez notre site.<\/p><h2>Collecte des Informations<\/h2><p>Nous collectons des informations lorsque vous vous inscrivez sur notre site, passez une commande, ou vous abonnez \u00e0 notre newsletter. Les informations collect\u00e9es incluent votre nom, adresse email, adresse postale, et informations de paiement.<\/p><h2>Utilisation des Informations<\/h2><p>Les informations que nous collectons peuvent \u00eatre utilis\u00e9es pour :<\/p><ul><li>Traiter vos commandes et transactions<\/li><li>Personnaliser votre exp\u00e9rience et r\u00e9pondre \u00e0 vos besoins individuels<\/li><li>Am\u00e9liorer notre site web<\/li><li>Vous contacter par email<\/li><\/ul><h2>Confidentialit\u00e9 des Transactions<\/h2><p>Nous sommes les seuls propri\u00e9taires des informations recueillies sur ce site. Vos informations personnelles ne seront pas vendues, \u00e9chang\u00e9es, transf\u00e9r\u00e9es, ou donn\u00e9es \u00e0 une autre soci\u00e9t\u00e9 sans votre consentement, en dehors de ce qui est n\u00e9cessaire pour r\u00e9pondre \u00e0 une demande et\/ou traiter une transaction, comme exp\u00e9dier une commande.<\/p><h2>Protection des Informations<\/h2><p>Nous mettons en \u0153uvre une vari\u00e9t\u00e9 de mesures de s\u00e9curit\u00e9 pour pr\u00e9server la s\u00e9curit\u00e9 de vos informations personnelles. Les transactions sensibles\/priv\u00e9es que vous fournissez sont transmises via une technologie Secure Socket Layer (SSL) et ensuite crypt\u00e9es dans notre base de donn\u00e9es.<\/p><h2>Consentement<\/h2><p>En utilisant notre site, vous consentez \u00e0 notre politique de confidentialit\u00e9.<\/p><h1>Politique des Cookies<\/h1><h2>Utilisation des Cookies<\/h2><p>Les cookies sont de petits fichiers qu\u2019un site ou son prestataire de services transf\u00e8re sur le disque dur de votre ordinateur via votre navigateur Web (si vous l\u2019autorisez) qui permet aux syst\u00e8mes du site ou du prestataire de services de reconna\u00eetre votre navigateur et de capturer et m\u00e9moriser certaines informations.<\/p><h2>Types de Cookies Utilis\u00e9s<\/h2><p>Nous utilisons des cookies pour :<\/p><ul><li>Am\u00e9liorer l\u2019exp\u00e9rience utilisateur<\/li><li>Compiler des donn\u00e9es agr\u00e9g\u00e9es sur le trafic du site et les interactions afin d\u2019offrir de meilleures exp\u00e9riences et outils \u00e0 l\u2019avenir.<\/li><\/ul><h2>Gestion des Cookies<\/h2><p>Vous pouvez choisir de d\u00e9sactiver les cookies via les options de votre navigateur. Cependant, cela peut affecter votre capacit\u00e9 \u00e0 utiliser certaines fonctionnalit\u00e9s de notre site.<\/p><h1>Mentions L\u00e9gales<\/h1><p><strong>AU MOULIN (<a href=\"https:\/\/events.aumoulin.com\">https:\/\/events.aumoulin.com<\/a>)<\/strong><br \/><strong>Soci\u00e9t\u00e9 AU MOULIN SASU<\/strong><br \/>Adresse : 2 rue de l\u2019\u00e9tang, 67240 BISCHWILLER<br \/>\u00c9diteur du site : <a href=\"https:\/\/events.aumoulin.com\">https:\/\/events.aumoulin.com<\/a><br \/>SIRET : 95078781200011<br \/>SIREN : 950787812<br \/>N\u00b0 TVA Intracommunautaire : FR72950787812<br \/>Capital : 10 000 euros (fixe)<\/p><p>Email: events(@)aumoulin.com<br \/>Tel : 03.88.63.51.66<br \/>Labels et certificats : Entrepreneur de spectacles vivants<br \/>Num\u00e9ro : PLATESV-D-2023-007021 depuis le 24\/11\/2023<br \/>Lien : <a href=\"https:\/\/annuaire-entreprises.data.gouv.fr\/labels-certificats\/950787812#entrepreneur-spectacles\">annuaire-entreprises.data.gouv.fr<\/a><\/p><p><b>CNIL:<\/b>\u00a0D\u00c9SIGNATION N\u00b0 DPO-148261<\/p><p><b>H\u00e9bergeur web:<\/b><\/p><p>AlibabaCloud<\/p><p>5 RUE D&rsquo;ATHENES\u00a0<\/p><p>75009 PARIS<\/p><p>&#8212;&#8212;&#8212;&#8211;<\/p><p><span style=\"text-align: var(--text-align); font-family: -apple-system, BlinkMacSystemFont, 'Segoe UI', Roboto, 'Helvetica Neue', Arial, 'Noto Sans', sans-serif, 'Apple Color Emoji', 'Segoe UI Emoji', 'Segoe UI Symbol', 'Noto Color Emoji'; font-size: 1rem;\">Date de mise \u00e0 jour : Version 1: 28 JUIN 2024<\/span><\/p>\t\t\t\t\t\t<\/div>\n\t\t\t\t<\/div>\n\t\t\t\t\t<\/div>\n\t\t\t\t<\/div>\n\t\t\t\t<\/div>\n\t\t","protected":false},"excerpt":{"rendered":"<p>Contactez nous: AU MOULINAdresse : 2 rue de l\u2019\u00e9tang, 67240 BISCHWILLER Email: events(@)aumoulin.comTel : 03.88.63.51.66 Plan Google Map:\u00a0https:\/\/maps.app.goo.gl\/4R5ibsV4j4MKrr4TA Parking Nous Disposons d&rsquo;un grand parking de plus de 50 places, des places de parkings sont aussi disponible sur la route principale ou sur le parking de l&rsquo;ancien centre commercial a 100m \u00a0 Hotel\u00a0recommandations\u00a0) &#8211;\u00a0Le Verger &#8211; [&hellip;]<\/p>\n","protected":false},"author":1,"featured_media":0,"parent":0,"menu_order":0,"comment_status":"closed","ping_status":"open","template":"","meta":{"footnotes":""},"class_list":["post-3","page","type-page","status-publish","hentry"],"_links":{"self":[{"href":"https:\/\/events.aumoulin.com\/index.php?rest_route=\/wp\/v2\/pages\/3","targetHints":{"allow":["GET"]}}],"collection":[{"href":"https:\/\/events.aumoulin.com\/index.php?rest_route=\/wp\/v2\/pages"}],"about":[{"href":"https:\/\/events.aumoulin.com\/index.php?rest_route=\/wp\/v2\/types\/page"}],"author":[{"embeddable":true,"href":"https:\/\/events.aumoulin.com\/index.php?rest_route=\/wp\/v2\/users\/1"}],"replies":[{"embeddable":true,"href":"https:\/\/events.aumoulin.com\/index.php?rest_route=%2Fwp%2Fv2%2Fcomments&post=3"}],"version-history":[{"count":78,"href":"https:\/\/events.aumoulin.com\/index.php?rest_route=\/wp\/v2\/pages\/3\/revisions"}],"predecessor-version":[{"id":8650,"href":"https:\/\/events.aumoulin.com\/index.php?rest_route=\/wp\/v2\/pages\/3\/revisions\/8650"}],"wp:attachment":[{"href":"https:\/\/events.aumoulin.com\/index.php?rest_route=%2Fwp%2Fv2%2Fmedia&parent=3"}],"curies":[{"name":"wp","href":"https:\/\/api.w.org\/{rel}","templated":true}]}}