{"id":7129,"date":"2024-12-23T16:07:37","date_gmt":"2024-12-23T14:07:37","guid":{"rendered":"https:\/\/events.aumoulin.com\/?page_id=7129"},"modified":"2024-12-31T12:19:00","modified_gmt":"2024-12-31T10:19:00","slug":"elementor-7129","status":"publish","type":"page","link":"https:\/\/events.aumoulin.com\/?page_id=7129","title":{"rendered":"Frank Michael &#8211; Tourn\u00e9e D&rsquo;adieux 9 et 10 Mai 2025"},"content":{"rendered":"\t\t<div data-elementor-type=\"wp-page\" data-elementor-id=\"7129\" class=\"elementor elementor-7129\" data-elementor-post-type=\"page\">\n\t\t\t\t<div class=\"elementor-element elementor-element-afe4386 e-flex e-con-boxed e-con e-parent\" data-id=\"afe4386\" data-element_type=\"container\">\n\t\t\t\t\t<div class=\"e-con-inner\">\n\t\t\t\t<div class=\"elementor-element elementor-element-dc69305 elementor-widget elementor-widget-text-editor\" data-id=\"dc69305\" data-element_type=\"widget\" data-widget_type=\"text-editor.default\">\n\t\t\t\t<div class=\"elementor-widget-container\">\n\t\t\t<style>\/*! elementor - v3.23.0 - 05-08-2024 *\/\n.elementor-widget-text-editor.elementor-drop-cap-view-stacked .elementor-drop-cap{background-color:#69727d;color:#fff}.elementor-widget-text-editor.elementor-drop-cap-view-framed .elementor-drop-cap{color:#69727d;border:3px solid;background-color:transparent}.elementor-widget-text-editor:not(.elementor-drop-cap-view-default) .elementor-drop-cap{margin-top:8px}.elementor-widget-text-editor:not(.elementor-drop-cap-view-default) .elementor-drop-cap-letter{width:1em;height:1em}.elementor-widget-text-editor .elementor-drop-cap{float:left;text-align:center;line-height:1;font-size:50px}.elementor-widget-text-editor .elementor-drop-cap-letter{display:inline-block}<\/style>\t\t\t\t<h1 style=\"font-family: -apple-system, 'system-ui', 'Segoe UI', Roboto, 'Helvetica Neue', Arial, 'Noto Sans', sans-serif, 'Apple Color Emoji', 'Segoe UI Emoji', 'Segoe UI Symbol', 'Noto Color Emoji'; color: #333333; margin-top: 0px; margin-bottom: 0.5rem;\"><img fetchpriority=\"high\" decoding=\"async\" class=\"alignnone size-medium wp-image-919\" src=\"https:\/\/events.aumoulin.com\/wp-content\/uploads\/2024\/06\/frank-michael-je-vous-aime-toutes-300x181.jpg\" alt=\"\" width=\"300\" height=\"181\" srcset=\"https:\/\/events.aumoulin.com\/wp-content\/uploads\/2024\/06\/frank-michael-je-vous-aime-toutes-300x181.jpg 300w, https:\/\/events.aumoulin.com\/wp-content\/uploads\/2024\/06\/frank-michael-je-vous-aime-toutes-1024x619.jpg 1024w, https:\/\/events.aumoulin.com\/wp-content\/uploads\/2024\/06\/frank-michael-je-vous-aime-toutes-768x464.jpg 768w, https:\/\/events.aumoulin.com\/wp-content\/uploads\/2024\/06\/frank-michael-je-vous-aime-toutes-50x30.jpg 50w, https:\/\/events.aumoulin.com\/wp-content\/uploads\/2024\/06\/frank-michael-je-vous-aime-toutes.jpg 1200w\" sizes=\"(max-width: 300px) 100vw, 300px\" \/><\/h1>\n<h1 style=\"font-family: -apple-system, 'system-ui', 'Segoe UI', Roboto, 'Helvetica Neue', Arial, 'Noto Sans', sans-serif, 'Apple Color Emoji', 'Segoe UI Emoji', 'Segoe UI Symbol', 'Noto Color Emoji'; color: #333333; margin-top: 0px; margin-bottom: 0.5rem;\"><span style=\"text-align: var(--text-align); font-family: -apple-system, BlinkMacSystemFont, 'Segoe UI', Roboto, 'Helvetica Neue', Arial, 'Noto Sans', sans-serif, 'Apple Color Emoji', 'Segoe UI Emoji', 'Segoe UI Symbol', 'Noto Color Emoji'; font-size: 1rem;\">Frank Micha\u00ebl a annonc\u00e9 en Avril 2024 lors de son concert au Moulin de Bischwiller qu&rsquo;il entamera sa derni\u00e8re tourn\u00e9e dite Tourn\u00e9e d&rsquo;adieu, 2024-2025.<\/span><\/h1>\n<p>Pour cela Frank Micha\u00ebl sera 2 soirs de suite en concert au Moulin de Bischwiller.<\/p>\n<p>Le vendredi 9 mai 2025&nbsp;<a style=\"font-family: -apple-system, BlinkMacSystemFont, 'Segoe UI', Roboto, 'Helvetica Neue', Arial, 'Noto Sans', sans-serif, 'Apple Color Emoji', 'Segoe UI Emoji', 'Segoe UI Symbol', 'Noto Color Emoji'; font-size: 1rem; text-align: var(--text-align); background-color: #ffffff;\" href=\"https:\/\/events.aumoulin.com\/?page_id=16&amp;event=129\" target=\"_blank\" rel=\"noopener\">R\u00e9servez vos billets ici<\/a><\/p>\n<p>et samedi 10 mai 2025&nbsp;<a style=\"font-family: -apple-system, BlinkMacSystemFont, 'Segoe UI', Roboto, 'Helvetica Neue', Arial, 'Noto Sans', sans-serif, 'Apple Color Emoji', 'Segoe UI Emoji', 'Segoe UI Symbol', 'Noto Color Emoji'; font-size: 1rem; text-align: var(--text-align); background-color: #ffffff;\" href=\"https:\/\/events.aumoulin.com\/?page_id=16&amp;event=131\" target=\"_blank\" rel=\"noopener\">R\u00e9servez vos billets ici<\/a><\/p>\n<p><i><u>Les places sont d\u00e8s 40 euros<\/u><\/i><\/p>\n<h2 style=\"font-family: -apple-system, 'system-ui', 'Segoe UI', Roboto, 'Helvetica Neue', Arial, 'Noto Sans', sans-serif, 'Apple Color Emoji', 'Segoe UI Emoji', 'Segoe UI Symbol', 'Noto Color Emoji'; color: #333333; margin-top: 0px; margin-bottom: 0.5rem;\">Un Concert \u00c9poustouflant<\/h2>\n<p>Le concert se d\u00e9roulera dans <b>une salle de 250 places uniquement<\/b>, sp\u00e9cialement am\u00e9nag\u00e9e pour l\u2019\u00e9v\u00e9nement. Avec un placement sous forme de tables et bancs, vous pourrez profiter d\u2019une ambiance conviviale et chaleureuse.<\/p>\n<h2 style=\"font-family: -apple-system, 'system-ui', 'Segoe UI', Roboto, 'Helvetica Neue', Arial, 'Noto Sans', sans-serif, 'Apple Color Emoji', 'Segoe UI Emoji', 'Segoe UI Symbol', 'Noto Color Emoji'; color: #333333; margin-top: 0px; margin-bottom: 0.5rem;\">Une Exp\u00e9rience Compl\u00e8te<\/h2>\n<p>Bien que le billet donne acc\u00e8s uniquement \u00e0 la salle de concert et ne comprend pas de repas, le bar sera ouvert pour vous permettre de consommer des boissons avant, pendant, et apr\u00e8s le spectacle.<\/p>\n<h2 style=\"font-family: -apple-system, 'system-ui', 'Segoe UI', Roboto, 'Helvetica Neue', Arial, 'Noto Sans', sans-serif, 'Apple Color Emoji', 'Segoe UI Emoji', 'Segoe UI Symbol', 'Noto Color Emoji'; color: #333333; margin-top: 0px; margin-bottom: 0.5rem;\">Une Soir\u00e9e Gastronomique<\/h2>\n<p>Venez profiter de notre restaurant d\u00e8s 18H30 pour une soir\u00e9e compl\u00e8te et r\u00e9ussie.<\/p>\n<p>N\u2019oubliez pas de r\u00e9server votre table apr\u00e8s l&rsquo;achat de votre billet pour garantir votre place.<\/p>\n<p>T\u00e9l: 03.88.63.55.74<\/p>\n<p>Le vendredi 9 mai 2025&nbsp;<a style=\"background-color: #ffffff; font-family: -apple-system, BlinkMacSystemFont, 'Segoe UI', Roboto, 'Helvetica Neue', Arial, 'Noto Sans', sans-serif, 'Apple Color Emoji', 'Segoe UI Emoji', 'Segoe UI Symbol', 'Noto Color Emoji'; font-size: 1rem; text-align: var(--text-align);\" href=\"https:\/\/events.aumoulin.com\/?page_id=16&amp;event=129\" target=\"_blank\" rel=\"noopener\">R\u00e9servez vos billets ici<\/a><\/p>\n<p>et samedi 10 mai 2025&nbsp;<a style=\"background-color: #ffffff; font-family: -apple-system, BlinkMacSystemFont, 'Segoe UI', Roboto, 'Helvetica Neue', Arial, 'Noto Sans', sans-serif, 'Apple Color Emoji', 'Segoe UI Emoji', 'Segoe UI Symbol', 'Noto Color Emoji'; font-size: 1rem; text-align: var(--text-align);\" href=\"https:\/\/events.aumoulin.com\/?page_id=16&amp;event=131\" target=\"_blank\" rel=\"noopener\">R\u00e9servez vos billets ici<\/a><\/p>\n<h2 style=\"font-family: -apple-system, 'system-ui', 'Segoe UI', Roboto, 'Helvetica Neue', Arial, 'Noto Sans', sans-serif, 'Apple Color Emoji', 'Segoe UI Emoji', 'Segoe UI Symbol', 'Noto Color Emoji'; color: #333333; margin-top: 0px; margin-bottom: 0.5rem;\">Venez Nombreux !<\/h2>\n<p>Ne manquez pas cette occasion unique de revivre les chansons mythiques interpr\u00e9t\u00e9es par Frank Micha\u00ebl. R\u00e9servez d\u00e8s maintenant et pr\u00e9parez-vous \u00e0 une soir\u00e9e pleine de nostalgie et d\u2019\u00e9motion au Moulin de Bischwiller.<\/p>\n<p>Pour toute demande relative \u00e0 l&rsquo;\u00e9v\u00e9nement, merci d&rsquo;appeler le: 03.88.63.55.74 ou au 03.88.63.51.66 ou par email: events(@)aumoulin.com<\/p>\n<p>Le vendredi 9 mai 2025&nbsp;<a style=\"background-color: #ffffff; font-family: -apple-system, BlinkMacSystemFont, 'Segoe UI', Roboto, 'Helvetica Neue', Arial, 'Noto Sans', sans-serif, 'Apple Color Emoji', 'Segoe UI Emoji', 'Segoe UI Symbol', 'Noto Color Emoji'; font-size: 1rem; text-align: var(--text-align);\" href=\"https:\/\/events.aumoulin.com\/?page_id=16&amp;event=129\" target=\"_blank\" rel=\"noopener\">R\u00e9servez vos billets ici<\/a><\/p>\n<p>et samedi 10 mai 2025&nbsp;<a style=\"background-color: #ffffff; font-family: -apple-system, BlinkMacSystemFont, 'Segoe UI', Roboto, 'Helvetica Neue', Arial, 'Noto Sans', sans-serif, 'Apple Color Emoji', 'Segoe UI Emoji', 'Segoe UI Symbol', 'Noto Color Emoji'; font-size: 1rem; text-align: var(--text-align);\" href=\"https:\/\/events.aumoulin.com\/?page_id=16&amp;event=131\" target=\"_blank\" rel=\"noopener\">R\u00e9servez vos billets ici<\/a><\/p>\n<p><\/p>\n<ul>\n<li><b>Vid\u00e9o de Frank Michael Au Moulin de Bischwiller en Avril 2024.<\/b><\/li>\n<\/ul>\n<p><iframe title=\"YouTube video player\" src=\"https:\/\/www.youtube.com\/embed\/DlOGIlcLGyU?si=gYl7eWk9gntALIce\" width=\"560\" height=\"315\" frameborder=\"0\" allowfullscreen=\"allowfullscreen\"><\/iframe><\/p>\t\t\t\t\t\t<\/div>\n\t\t\t\t<\/div>\n\t\t\t\t\t<\/div>\n\t\t\t\t<\/div>\n\t\t\t\t<\/div>\n\t\t","protected":false},"excerpt":{"rendered":"<p>Frank Micha\u00ebl a annonc\u00e9 en Avril 2024 lors de son concert au Moulin de Bischwiller qu&rsquo;il entamera sa derni\u00e8re tourn\u00e9e dite Tourn\u00e9e d&rsquo;adieu, 2024-2025. Pour cela Frank Micha\u00ebl sera 2 soirs de suite en concert au Moulin de Bischwiller. Le vendredi 9 mai 2025&nbsp;R\u00e9servez vos billets ici et samedi 10 mai 2025&nbsp;R\u00e9servez vos billets ici [&hellip;]<\/p>\n","protected":false},"author":1,"featured_media":0,"parent":0,"menu_order":0,"comment_status":"closed","ping_status":"closed","template":"","meta":{"footnotes":""},"class_list":["post-7129","page","type-page","status-publish","hentry"],"_links":{"self":[{"href":"https:\/\/events.aumoulin.com\/index.php?rest_route=\/wp\/v2\/pages\/7129","targetHints":{"allow":["GET"]}}],"collection":[{"href":"https:\/\/events.aumoulin.com\/index.php?rest_route=\/wp\/v2\/pages"}],"about":[{"href":"https:\/\/events.aumoulin.com\/index.php?rest_route=\/wp\/v2\/types\/page"}],"author":[{"embeddable":true,"href":"https:\/\/events.aumoulin.com\/index.php?rest_route=\/wp\/v2\/users\/1"}],"replies":[{"embeddable":true,"href":"https:\/\/events.aumoulin.com\/index.php?rest_route=%2Fwp%2Fv2%2Fcomments&post=7129"}],"version-history":[{"count":34,"href":"https:\/\/events.aumoulin.com\/index.php?rest_route=\/wp\/v2\/pages\/7129\/revisions"}],"predecessor-version":[{"id":7678,"href":"https:\/\/events.aumoulin.com\/index.php?rest_route=\/wp\/v2\/pages\/7129\/revisions\/7678"}],"wp:attachment":[{"href":"https:\/\/events.aumoulin.com\/index.php?rest_route=%2Fwp%2Fv2%2Fmedia&parent=7129"}],"curies":[{"name":"wp","href":"https:\/\/api.w.org\/{rel}","templated":true}]}}